{"id":926,"date":"2022-12-12T12:08:29","date_gmt":"2022-12-12T12:08:29","guid":{"rendered":"https:\/\/www.sky-hi.de\/?page_id=926"},"modified":"2025-02-18T10:59:13","modified_gmt":"2025-02-18T10:59:13","slug":"podcast","status":"publish","type":"page","link":"https:\/\/www.sky-hi.de\/?page_id=926","title":{"rendered":"PodCast"},"content":{"rendered":"<p>Im Zuge des pl\u00f6tzlich notwendigen Shifts von der onsite zur online Lehre im April 2020 zun\u00e4chst als ebenso einfach zug\u00e4ngliche wie komfortabel zu rezipierende &#8222;Soforthilfe&#8220; konzipiert, hat sich der &#8222;LectureCast&#8220; inzwischen als Didaktik PodCast \u00fcber die Grenzen der Hochschule Macromedia hinaus im deutschen Sprachraum etabliert. In inzwischen mehr als 100 Episoden werden mit wechselnden G\u00e4sten unterschiedliche Schwerpunkte im Feld des Lehrens und Lernens an Hochschulen diskutiert. Und alle 14 Tage kommt eine neue Folge dazu&#8230;<\/p>\n<p>Der LectureCast kann \u00fcber die g\u00e4ngigen Plattformen, von Spotify \u00fcber Apple-PodCast bis Amazon Music, geh\u00f6rt und abonniert werden. Die jeweils neueste Folge gibt es aber nat\u00fcrlich auch hier:<\/p>\n<p><iframe loading=\"lazy\" src=\"https:\/\/anchor.fm\/macromedia0\/embed\" width=\"570px\" height=\"102px\" frameborder=\"0\" scrolling=\"no\"><\/iframe><\/p>\n","protected":false},"excerpt":{"rendered":"<p>Im Zuge des pl\u00f6tzlich notwendigen Shifts von der onsite zur online Lehre im April 2020 zun\u00e4chst als ebenso einfach zug\u00e4ngliche wie komfortabel zu rezipierende &#8222;Soforthilfe&#8220; konzipiert, hat sich der &#8222;LectureCast&#8220; inzwischen als Didaktik PodCast \u00fcber die Grenzen der Hochschule Macromedia hinaus im deutschen Sprachraum etabliert. In inzwischen mehr als 100 Episoden werden mit wechselnden G\u00e4sten &#8230; <a title=\"PodCast\" class=\"read-more\" href=\"https:\/\/www.sky-hi.de\/?page_id=926\" aria-label=\"Mehr Informationen \u00fcber PodCast\">Weiterlesen<\/a><\/p>\n","protected":false},"author":1,"featured_media":0,"parent":0,"menu_order":0,"comment_status":"closed","ping_status":"closed","template":"","meta":{"footnotes":""},"class_list":["post-926","page","type-page","status-publish"],"_links":{"self":[{"href":"https:\/\/www.sky-hi.de\/index.php?rest_route=\/wp\/v2\/pages\/926","targetHints":{"allow":["GET"]}}],"collection":[{"href":"https:\/\/www.sky-hi.de\/index.php?rest_route=\/wp\/v2\/pages"}],"about":[{"href":"https:\/\/www.sky-hi.de\/index.php?rest_route=\/wp\/v2\/types\/page"}],"author":[{"embeddable":true,"href":"https:\/\/www.sky-hi.de\/index.php?rest_route=\/wp\/v2\/users\/1"}],"replies":[{"embeddable":true,"href":"https:\/\/www.sky-hi.de\/index.php?rest_route=%2Fwp%2Fv2%2Fcomments&post=926"}],"version-history":[{"count":9,"href":"https:\/\/www.sky-hi.de\/index.php?rest_route=\/wp\/v2\/pages\/926\/revisions"}],"predecessor-version":[{"id":957,"href":"https:\/\/www.sky-hi.de\/index.php?rest_route=\/wp\/v2\/pages\/926\/revisions\/957"}],"wp:attachment":[{"href":"https:\/\/www.sky-hi.de\/index.php?rest_route=%2Fwp%2Fv2%2Fmedia&parent=926"}],"curies":[{"name":"wp","href":"https:\/\/api.w.org\/{rel}","templated":true}]}}